{"id":1417,"date":"2016-06-12T22:10:25","date_gmt":"2016-06-12T22:10:25","guid":{"rendered":"http:\/\/p3skydive.com\/?page_id=1417"},"modified":"2016-06-19T23:42:26","modified_gmt":"2016-06-19T23:42:26","slug":"terminos-de-uso-y-privacidad","status":"publish","type":"page","link":"https:\/\/skydivepanama.com\/?page_id=1417","title":{"rendered":"Terminos de Uso y Privacidad"},"content":{"rendered":"<p>Uso de cookies y web beacons<\/p>\n<p>El acceso a los blogs y p\u00e1ginas web del autor puede implicar la utilizaci\u00f3n de cookies y web beacons. Las cookies son peque\u00f1as cantidades de informaci\u00f3n que se almacenan en el navegador utilizado por cada usuario para que el servidor recuerde cierta informaci\u00f3n que posteriormente \u00fanicamente el servidor que la implement\u00f3 leer\u00e1. Las cookies tienen, generalmente, una duraci\u00f3n limitada en el tiempo. Los web beacons o web bugs son gr\u00e1ficos que se insertan en los blogs o p\u00e1ginas web para controlar quien los lee. Ninguna cookie o web beacon permite que pueda contactarse con el n\u00famero de tel\u00e9fono del usuario, su direcci\u00f3n de correo electr\u00f3nico o con cualquier otro medio de contacto. Ninguna cookie o web beacon puede extraer informaci\u00f3n del disco duro del usuario o robar informaci\u00f3n personal. La \u00fanica manera de que la informaci\u00f3n privada de un usuario forme parte del archivo cookie es que el usuario d\u00e9 personalmente esa informaci\u00f3n al servidor.<\/p>\n<p>Aquellos usuarios que deseen bloquear o restringir las cookies, o que quieran ser preguntados antes de su generaci\u00f3n, pueden configurar su navegador a tal efecto.<\/p>\n<p><b>Pol\u00edtica de cookies<\/b><\/p>\n<p>Una cookie es un peque\u00f1o fichero de texto que se almacena en su navegador cuando visita casi cualquier p\u00e1gina web. Su utilidad es que la web sea capaz de recordar su visita cuando vuelva a navegar por esa p\u00e1gina. Las cookies suelen almacenar informaci\u00f3n de car\u00e1cter t\u00e9cnico, preferencias personales, personalizaci\u00f3n de contenidos, estad\u00edsticas de uso, enlaces a redes sociales, acceso a cuentas de usuario, etc. El objetivo de la cookie es adaptar el contenido de la web a su perfil y necesidades, sin cookies los servicios ofrecidos por cualquier p\u00e1gina se ver\u00edan mermados notablemente. Si desea consultar m\u00e1s informaci\u00f3n sobre qu\u00e9 son las cookies, qu\u00e9 almacenan, c\u00f3mo eliminarlas, desactivarlas, etc., <a href=\"https:\/\/skydivepanama.net\/terminos-de-uso-y-privacidad\/mas-informacio\u2026re-las-cookies\/\" target=\"_blank\">le rogamos se dirija a este enlace.<\/a><\/p>\n<p><b>Cookies utilizadas en este sitio web<\/b><\/p>\n<p>Siguiendo las directrices de la Agencia Espa\u00f1ola de Protecci\u00f3n de Datos procedemos a detallar el uso de cookies que hace esta web con el fin de informarle con la m\u00e1xima exactitud posible. En este sitio se usan identificadores de dispositivo para personalizar el contenido y los anuncios, con el fin de ofrecer funciones de medios sociales y para analizar el tr\u00e1fico. Adem\u00e1s, compartimos estos identificadores y otra informaci\u00f3n sobre su dispositivo con nuestros partners de medios sociales, de publicidad y de an\u00e1lisis web.<\/p>\n<p><b>Este sitio web utiliza las siguientes cookies propias:<\/b><\/p>\n<p>Cookies de sesi\u00f3n, para garantizar que los usuarios que escriban comentarios en el blog sean humanos y no aplicaciones automatizadas. De esta forma se combate el spam.<\/p>\n<p><b>Este sitio web utiliza las siguientes cookies de terceros:<\/b><\/p>\n<p><b>Google Analytics<\/b>: Almacena cookies para poder elaborar estad\u00edsticas sobre el tr\u00e1fico y volumen de visitas de esta web. Al utilizar este sitio web est\u00e1 consintiendo el tratamiento de informaci\u00f3n acerca de usted por Google. Por tanto, el ejercicio de cualquier derecho en este sentido deber\u00e1 hacerlo comunicando directamente con Google.<br \/>\n<b>Google Adsense:<\/b> Se usan identificadores de dispositivo para personalizar el contenido de los anuncios<br \/>\n<b>Redes sociales:<\/b> Cada red social utiliza sus propias cookies para que usted pueda pinchar en botones del tipo Me gusta o Compartir.<\/p>\n<p>Puede ampliar m\u00e1s informaci\u00f3n pulsando: <a href=\"https:\/\/www.google.com\/intl\/es\/policies\/privacy\/partners\/\" target=\"_blank\">C\u00f3mo usa Google los datos cuando utiliza las aplicaciones o los sitios web de nuestros partners.<\/a><\/p>\n<p><b>Desactivaci\u00f3n o eliminaci\u00f3n de cookies<\/b><\/p>\n<p>En cualquier momento podr\u00e1 ejercer su derecho de desactivaci\u00f3n o eliminaci\u00f3n de cookies de este sitio web. Estas acciones se realizan de forma diferente en funci\u00f3n del navegador que est\u00e9 usando. <a href=\"https:\/\/skydivepanama.net\/terminos-de-uso-y-privacidad\/mas-informacio\u2026re-las-cookies\/\" target=\"_blank\">Aqu\u00ed le dejamos una gu\u00eda r\u00e1pida para los navegadores m\u00e1s populares.<\/a><\/p>\n<p><b>Notas adicionales<\/b><\/p>\n<p>Ni esta web ni sus representantes legales se hacen responsables ni del contenido ni de la veracidad de las pol\u00edticas de privacidad que puedan tener los terceros mencionados en esta pol\u00edtica de cookies.<br \/>\nLos navegadores web son las herramientas encargadas de almacenar las cookies y desde este lugar debe efectuar su derecho a eliminaci\u00f3n o desactivaci\u00f3n de las mismas. Ni esta web ni sus representantes legales pueden garantizar la correcta o incorrecta manipulaci\u00f3n de las cookies por parte de los mencionados navegadores.<br \/>\nEn algunos casos es necesario instalar cookies para que el navegador no olvide su decisi\u00f3n de no aceptaci\u00f3n de las mismas.<br \/>\nEn el caso de las cookies de Google Analytics, esta empresa almacena las cookies en servidores ubicados en Estados Unidos y se compromete a no compartirla con terceros, excepto en los casos en los que sea necesario para el funcionamiento del sistema o cuando la ley obligue a tal efecto. Seg\u00fan Google no guarda su direcci\u00f3n IP. Google Inc. es una compa\u00f1\u00eda adherida al Acuerdo de Puerto Seguro que garantiza que todos los datos transferidos ser\u00e1n tratados con un nivel de protecci\u00f3n acorde a la normativa europea. Puede consultar informaci\u00f3n detallada a este respecto <a href=\"http:\/\/safeharbor.export.gov\/list.aspx\" target=\"_blank\">en este enlace<\/a>. Si desea informaci\u00f3n sobre el uso que Google da a las cookies le <a href=\"https:\/\/developers.google.com\/analytics\/devguides\/collection\/analyticsjs\/cookie-usage?hl=es&amp;csw=1\" target=\"_blank\">adjuntamos este otro enlace.<\/a><br \/>\nPara cualquier duda o consulta acerca de esta pol\u00edtica de cookies no dude en comunicarse con nosotros a trav\u00e9s de la secci\u00f3n de contacto.<\/p>\n","protected":false},"excerpt":{"rendered":"<p>Uso de cookies y web beacons El acceso a los blogs y p\u00e1ginas web del autor puede implicar la utilizaci\u00f3n de cookies y web beacons. Las cookies son peque\u00f1as cantidades de informaci\u00f3n que se almacenan en el navegador utilizado por cada usuario para que el servidor recuerde cierta informaci\u00f3n que [&hellip;]<\/p>\n","protected":false},"author":1,"featured_media":0,"parent":0,"menu_order":0,"comment_status":"closed","ping_status":"closed","template":"","meta":{"footnotes":""},"class_list":["post-1417","page","type-page","status-publish","hentry"],"_links":{"self":[{"href":"https:\/\/skydivepanama.com\/index.php?rest_route=\/wp\/v2\/pages\/1417","targetHints":{"allow":["GET"]}}],"collection":[{"href":"https:\/\/skydivepanama.com\/index.php?rest_route=\/wp\/v2\/pages"}],"about":[{"href":"https:\/\/skydivepanama.com\/index.php?rest_route=\/wp\/v2\/types\/page"}],"author":[{"embeddable":true,"href":"https:\/\/skydivepanama.com\/index.php?rest_route=\/wp\/v2\/users\/1"}],"replies":[{"embeddable":true,"href":"https:\/\/skydivepanama.com\/index.php?rest_route=%2Fwp%2Fv2%2Fcomments&post=1417"}],"version-history":[{"count":4,"href":"https:\/\/skydivepanama.com\/index.php?rest_route=\/wp\/v2\/pages\/1417\/revisions"}],"predecessor-version":[{"id":1564,"href":"https:\/\/skydivepanama.com\/index.php?rest_route=\/wp\/v2\/pages\/1417\/revisions\/1564"}],"wp:attachment":[{"href":"https:\/\/skydivepanama.com\/index.php?rest_route=%2Fwp%2Fv2%2Fmedia&parent=1417"}],"curies":[{"name":"wp","href":"https:\/\/api.w.org\/{rel}","templated":true}]}}