{"id":2935,"date":"2018-10-10T23:25:27","date_gmt":"2018-10-10T23:25:27","guid":{"rendered":"https:\/\/p3skydive.com\/?page_id=2935"},"modified":"2021-05-13T00:00:54","modified_gmt":"2021-05-13T00:00:54","slug":"politicas-de-devolucion","status":"publish","type":"page","link":"https:\/\/skydivepanama.com\/?page_id=2935","title":{"rendered":"Pol\u00edticas de Devoluci\u00f3n"},"content":{"rendered":"<p>El presente documento tiene como objetivo establecer la pol\u00edtica de devoluci\u00f3n de Skydive Panam\u00e1<br \/>\nSkydive Panam\u00e1 podr\u00e1 aceptar la devoluci\u00f3n de alg\u00fan servicio siempre y cuando cumpla con todas y cada una de las condiciones que se establecen en la siguiente pol\u00edtica de Devoluciones:<\/p>\n<p>-El plazo m\u00e1ximo para realizar el salto es de 60 d\u00edas a partir del primer abono o pago del servicio (Web Pay- Transferencias &#8211; Pagos en efectivo)<\/p>\n<p>-Problemas de Clima: si existen problemas de lluvia el salto es reagendado para la semana siguiente o para el d\u00eda acordado con nuestro personal de ventas.<\/p>\n<p>&#8211; Cancelaciones con menos de 24 horas de anticipaci\u00f3n puede considerarse como voucher utilizado, sin derecho a rembolso o compensaci\u00f3n.<br \/>\nSi desea reprogramar el salto, y avisa antes de 48 horas de su salto, se le reprograma sin costo adicional, 24 horas antes tendr\u00e1 un costo de $ 150.00, y dentro de las 12 horas no habr\u00e1 rembolso ni derecho a salto.<\/p>\n<p>-Saltos que sean reprogramados ser\u00e1n asignados a disponibilidad entre los d\u00edas viernes, s\u00e1bados y domingos.<br \/>\n-Problemas con Operaciones: si existen problemas con la operaci\u00f3n en la zona de salto y se autoriza la devoluci\u00f3n. Ya que inicialmente ser\u00e1 reagendado para una nueva fecha.<\/p>\n<p>-La grabaci\u00f3n del video y las fotograf\u00edas en ca\u00edda libre, aunque es realizada por un profesional, no garantiza que las mismas sean impecables. Las cambiantes condiciones pueden ocasionar diferencias en la calidad de la filmaci\u00f3n, el mal funcionamiento del equipo no pueden ser solucionadas al momento. En caso de haber pagado el video y no estar conforme con lo grabado se proceder\u00e1 a la devoluci\u00f3n.<\/p>\n<p>-Problemas M\u00e9dicos: si el pasajero t\u00e1ndem tiene alg\u00fan problema m\u00e9dico el cual le impide saltar, se autoriza devoluci\u00f3n con certificado m\u00e9dico que se\u00f1ala la lesi\u00f3n o enfermedad.<\/p>\n<p>Procedimiento de Devoluci\u00f3n :<\/p>\n<p>1.- El Cliente, deber\u00e1 solicitar su devoluci\u00f3n escribiendo a info@skydivepanama.net y enviar sus comprobantes de pago<\/p>\n<p>2.- El cliente entregara alguna cuenta bancaria para realizar el pago del servicio.<br \/>\n3.- El Cliente deber\u00e1 esperar la autorizaci\u00f3n al departamento de Finanzas para devoluci\u00f3n. (7-12 d\u00edas plazo devoluci\u00f3n).<\/p>\n","protected":false},"excerpt":{"rendered":"<p>El presente documento tiene como objetivo establecer la pol\u00edtica de devoluci\u00f3n de Skydive Panam\u00e1 Skydive Panam\u00e1 podr\u00e1 aceptar la devoluci\u00f3n de alg\u00fan servicio siempre y cuando cumpla con todas y cada una de las condiciones que se establecen en la siguiente pol\u00edtica de Devoluciones: -El plazo m\u00e1ximo para realizar el [&hellip;]<\/p>\n","protected":false},"author":1,"featured_media":0,"parent":1417,"menu_order":0,"comment_status":"closed","ping_status":"closed","template":"","meta":{"footnotes":""},"class_list":["post-2935","page","type-page","status-publish","hentry"],"_links":{"self":[{"href":"https:\/\/skydivepanama.com\/index.php?rest_route=\/wp\/v2\/pages\/2935","targetHints":{"allow":["GET"]}}],"collection":[{"href":"https:\/\/skydivepanama.com\/index.php?rest_route=\/wp\/v2\/pages"}],"about":[{"href":"https:\/\/skydivepanama.com\/index.php?rest_route=\/wp\/v2\/types\/page"}],"author":[{"embeddable":true,"href":"https:\/\/skydivepanama.com\/index.php?rest_route=\/wp\/v2\/users\/1"}],"replies":[{"embeddable":true,"href":"https:\/\/skydivepanama.com\/index.php?rest_route=%2Fwp%2Fv2%2Fcomments&post=2935"}],"version-history":[{"count":2,"href":"https:\/\/skydivepanama.com\/index.php?rest_route=\/wp\/v2\/pages\/2935\/revisions"}],"predecessor-version":[{"id":3325,"href":"https:\/\/skydivepanama.com\/index.php?rest_route=\/wp\/v2\/pages\/2935\/revisions\/3325"}],"up":[{"embeddable":true,"href":"https:\/\/skydivepanama.com\/index.php?rest_route=\/wp\/v2\/pages\/1417"}],"wp:attachment":[{"href":"https:\/\/skydivepanama.com\/index.php?rest_route=%2Fwp%2Fv2%2Fmedia&parent=2935"}],"curies":[{"name":"wp","href":"https:\/\/api.w.org\/{rel}","templated":true}]}}