{"id":2938,"date":"2018-10-10T23:35:32","date_gmt":"2018-10-10T23:35:32","guid":{"rendered":"https:\/\/p3skydive.com\/?page_id=2938"},"modified":"2021-05-12T23:59:29","modified_gmt":"2021-05-12T23:59:29","slug":"terminos-y-condiciones","status":"publish","type":"page","link":"https:\/\/skydivepanama.com\/?page_id=2938","title":{"rendered":"TERMINOS Y CONDICIONES"},"content":{"rendered":"<p>1. Edad m\u00ednima requerida para efectuar el salto es de 18 a\u00f1os.<\/p>\n<p>2. El peso m\u00e1ximo permitido es de 200lbs (90 kg). De sobrepasar el peso permitido, se evaluar\u00eda la posibilidad de saltar a discreci\u00f3n del instructor y dependiendo la condici\u00f3n f\u00edsica del participante. En caso de admitirse el salto, el sobrepeso no podr\u00e1 ser m\u00e1s de 10lbs (4kg) y conllevar\u00eda un pago adicional de B\/. 3.00 por libra de exceso.<\/p>\n<p>3. Deber\u00e1 completar un formulario de descargo de responsabilidad proporcionado el d\u00eda del salto por nuestro personal, de no completarlo no podr\u00e1 realizar el salto.<\/p>\n<p>4. El d\u00eda del salto se le asignar\u00e1 un instructor el cual le explicar\u00e1 los procedimientos a seguir, le brindar\u00e1 una charla de seguridad y colocar\u00e1 el equipo necesario para la actividad.<\/p>\n<p>5. Podr\u00e1 elegir la fecha del salto la cual igual estar\u00e1 sujeta a disponibilidad y el horario le ser\u00e1 asignado con anticipaci\u00f3n (48hrs antes) por parte de Skydive Panam\u00e1 entre 7am a 5pm.<\/p>\n<p>6. El horario que le ser\u00e1 asignado nos ayuda a programarlos para su comodidad, pero puede variar debido a condiciones meteorol\u00f3gicas, mec\u00e1nicas o acontecimiento fuera de nuestro control, por lo cual no garantizamos el cumplimiento exacto del mismo. Dada cualquiera de estas situaciones, se reprogramar\u00e1 la fecha.<\/p>\n<p>7. Dada cualquiera de las situaciones mencionadas anteriormente, en caso de reprogramaciones y\/o en cualquier otro momento los clientes que hayan pagado precio regular tendr\u00e1n prioridad.<\/p>\n<p>8. Las condiciones clim\u00e1ticas deben ser adecuada para el inicio de la actividad, y puede ser necesario suspender la misma cuando las condiciones no sean favorables. En este caso se reprogramara para otra fecha disponible.<\/p>\n<p>9. Skydive Panam\u00e1 se reserva el derecho de retrasar o cancelar cualquier viaje por mal clima, acciones de la Autoridad de Aeron\u00e1utica civil, fallas mec\u00e1nicas, imprevistos, o acontecimientos fuera de nuestro control en este caso se reprogramar\u00e1 otra fecha disponible.<\/p>\n<p>10. Aconsejamos tener disponibilidad de horario de tres (3) hasta cinco (5) horas despu\u00e9s del horario asignado.<\/p>\n<p>11. Por ning\u00fan motivo se otorga compensaci\u00f3n o indemnizaci\u00f3n de cualquier tipo.<\/p>\n<p>12. Si no se presenta el d\u00eda del salto en el horario previsto para el registro, pierde el voucher.<\/p>\n<p>13. Si por motivos propios del cliente, decide retractarse de efectuar el salto una vez este en el aeropuerto, no habr\u00e1 reembolso ni reprogramaci\u00f3n.<\/p>\n<p>14. Cancelaciones con menos de 24 horas de anticipaci\u00f3n puede considerarse como voucher utilizado, sin derecho a rembolso o compensaci\u00f3n.<\/p>\n<p>15. Si desea reprogramar el salto, y avisa antes de 48 horas de su salto, se le reprograma sin costo adicional, 24 horas antes tendr\u00e1 un costo de $ 150.00, y dentro de las 12 horas no habr\u00e1 rembolso ni derecho a salto.<\/p>\n<p>16. Saltos que sean reprogramados ser\u00e1n asignados a disponibilidad entre los d\u00edas viernes, s\u00e1bados y domingos.<\/p>\n<p>17. El cliente acepta que se haga uso de las fotograf\u00edas y videos tomadas el d\u00eda de su salto para publicidad de la compa\u00f1\u00eda.<\/p>\n<p>18. Skydive Panam\u00e1 se reserva el derecho de admitir al cliente en las instalaciones y\/o en el avi\u00f3n si no cumple los requisitos de conducta apropiada o presenta condiciones que puedan ser riesgosas para su seguridad y la del equipo (Mala conducta, estado de embriaguez y\/o sustancias il\u00edcitas, alteraci\u00f3n del orden p\u00fablico, entre otros), en estos casos perder\u00e1 validez del voucher.<\/p>\n<p>19. Videos y fotograf\u00edas no est\u00e1n incluidas en la oferta, y est\u00e1s tendr\u00e1n un costo adicional de 65$ fotograf\u00edas y 85$ videos, los cuales puede adquirir juntos o por separado.<\/p>\n<p>20. Skydive Panam\u00e1 recomienda llevar su dispositivo de almacenamiento con una capacidad m\u00ednima de 4GB por persona para hacerle entrega de fotos y videos. Las fotos y videos que sean entregadas d\u00edas posteriores al d\u00eda del salto por motivos ajenos a Skydive Panam\u00e1, tendr\u00e1n un costo por envi\u00f3 adicional.<\/p>\n<p>21. La grabaci\u00f3n del video y las fotograf\u00edas en ca\u00edda libre, aunque es realizada por un profesional, no garantiza que las mismas sean impecables. Las cambiantes condiciones pueden ocasionar diferencias en la calidad de la filmaci\u00f3n, el mal funcionamiento del equipo no pueden ser solucionadas al momento.<\/p>\n<p>22. Est\u00e1 prohibido por medidas de seguridad el uso de cualquier tipo de dispositivos de filmaci\u00f3n personal durante el salto, ni abordar el avi\u00f3n con dispositivos personales.<\/p>\n<p>23. Esta prohibido introducir bebida alcoh\u00f3licas en las instalaciones del centro de paracaidismo ni se permite realizar la actividad en estado de embriaguez.<\/p>\n","protected":false},"excerpt":{"rendered":"<p>1. Edad m\u00ednima requerida para efectuar el salto es de 18 a\u00f1os. 2. El peso m\u00e1ximo permitido es de 200lbs (90 kg). De sobrepasar el peso permitido, se evaluar\u00eda la posibilidad de saltar a discreci\u00f3n del instructor y dependiendo la condici\u00f3n f\u00edsica del participante. En caso de admitirse el salto, [&hellip;]<\/p>\n","protected":false},"author":1,"featured_media":0,"parent":1417,"menu_order":0,"comment_status":"closed","ping_status":"closed","template":"","meta":{"footnotes":""},"class_list":["post-2938","page","type-page","status-publish","hentry"],"_links":{"self":[{"href":"https:\/\/skydivepanama.com\/index.php?rest_route=\/wp\/v2\/pages\/2938","targetHints":{"allow":["GET"]}}],"collection":[{"href":"https:\/\/skydivepanama.com\/index.php?rest_route=\/wp\/v2\/pages"}],"about":[{"href":"https:\/\/skydivepanama.com\/index.php?rest_route=\/wp\/v2\/types\/page"}],"author":[{"embeddable":true,"href":"https:\/\/skydivepanama.com\/index.php?rest_route=\/wp\/v2\/users\/1"}],"replies":[{"embeddable":true,"href":"https:\/\/skydivepanama.com\/index.php?rest_route=%2Fwp%2Fv2%2Fcomments&post=2938"}],"version-history":[{"count":4,"href":"https:\/\/skydivepanama.com\/index.php?rest_route=\/wp\/v2\/pages\/2938\/revisions"}],"predecessor-version":[{"id":3324,"href":"https:\/\/skydivepanama.com\/index.php?rest_route=\/wp\/v2\/pages\/2938\/revisions\/3324"}],"up":[{"embeddable":true,"href":"https:\/\/skydivepanama.com\/index.php?rest_route=\/wp\/v2\/pages\/1417"}],"wp:attachment":[{"href":"https:\/\/skydivepanama.com\/index.php?rest_route=%2Fwp%2Fv2%2Fmedia&parent=2938"}],"curies":[{"name":"wp","href":"https:\/\/api.w.org\/{rel}","templated":true}]}}