{"id":3259,"date":"2019-11-05T17:58:44","date_gmt":"2019-11-05T17:58:44","guid":{"rendered":"https:\/\/p3skydive.com\/?page_id=3259"},"modified":"2022-03-10T20:43:16","modified_gmt":"2022-03-10T20:43:16","slug":"booking-info","status":"publish","type":"page","link":"https:\/\/skydivepanama.com\/?page_id=3259","title":{"rendered":"Booking Info"},"content":{"rendered":"<p>Para hacer una reserva escribir al correo info@skydivepanama.com o al Whatsapp +507 6426-9022 .<\/p>\n<p>Somos un negocio muy orientado al servicio al cliente y nos gusta hablar con usted durante el proceso de reserva para asegurarnos de que todas sus preguntas e inquietudes sean respondidas correctamente. Debido a esto, no hacemos reservas en l\u00ednea.<\/p>\n<p>Hemos descubierto que muchos centros de paracaidismo tratan a sus clientes como un n\u00famero. En Skydive Panam\u00e1, nos esforzamos por tratar a cada cliente individual como un cliente y amigo. Nos enorgullecemos de ofrecer un producto de alta calidad completo con profesionalismo, servicio impecable, una ubicaci\u00f3n incre\u00edble y los m\u00e1s altos est\u00e1ndares de seguridad.<\/p>\n<p>Siempre honramos nuestras reservas primero; sin embargo, si una de nuestras reservas llega tarde o una de nuestras reservas no aparece, tomaremos una cita por orden de llegada. Consulte nuestra p\u00e1gina de preguntas frecuentes para leer informaci\u00f3n importante sobre nuestras pol\u00edticas con respecto a cancelaciones, reembolsos, reservas y condiciones clim\u00e1ticas adversas. Adem\u00e1s, antes de reservar su salto, revise los requisitos f\u00edsicos para los paracaidistas en t\u00e1ndem para asegurarse de que es elegible para participar.<\/p>\n<p>Creemos plenamente que nosotros en Skydive Panam\u00e1 le ofreceremos la mejor experiencia al mejor valor en todo Panam\u00e1. \u00a1Ser\u00e1 un placer saltar con usted y esperamos tener noticias suyas pronto!<\/p>\n<p>Escribir al correo info@skydivepanama.com o al Whatsapp +507 6426-9022 para hacer una reserva,<\/p>\n","protected":false},"excerpt":{"rendered":"<p>Para hacer una reserva escribir al correo info@skydivepanama.com o al Whatsapp +507 6426-9022 . Somos un negocio muy orientado al servicio al cliente y nos gusta hablar con usted durante el proceso de reserva para asegurarnos de que todas sus preguntas e inquietudes sean respondidas correctamente. Debido a esto, no [&hellip;]<\/p>\n","protected":false},"author":1,"featured_media":0,"parent":0,"menu_order":0,"comment_status":"closed","ping_status":"closed","template":"","meta":{"footnotes":""},"class_list":["post-3259","page","type-page","status-publish","hentry"],"_links":{"self":[{"href":"https:\/\/skydivepanama.com\/index.php?rest_route=\/wp\/v2\/pages\/3259","targetHints":{"allow":["GET"]}}],"collection":[{"href":"https:\/\/skydivepanama.com\/index.php?rest_route=\/wp\/v2\/pages"}],"about":[{"href":"https:\/\/skydivepanama.com\/index.php?rest_route=\/wp\/v2\/types\/page"}],"author":[{"embeddable":true,"href":"https:\/\/skydivepanama.com\/index.php?rest_route=\/wp\/v2\/users\/1"}],"replies":[{"embeddable":true,"href":"https:\/\/skydivepanama.com\/index.php?rest_route=%2Fwp%2Fv2%2Fcomments&post=3259"}],"version-history":[{"count":8,"href":"https:\/\/skydivepanama.com\/index.php?rest_route=\/wp\/v2\/pages\/3259\/revisions"}],"predecessor-version":[{"id":3686,"href":"https:\/\/skydivepanama.com\/index.php?rest_route=\/wp\/v2\/pages\/3259\/revisions\/3686"}],"wp:attachment":[{"href":"https:\/\/skydivepanama.com\/index.php?rest_route=%2Fwp%2Fv2%2Fmedia&parent=3259"}],"curies":[{"name":"wp","href":"https:\/\/api.w.org\/{rel}","templated":true}]}}