{"id":3271,"date":"2019-11-27T16:22:04","date_gmt":"2019-11-27T16:22:04","guid":{"rendered":"https:\/\/p3skydive.com\/?page_id=3271"},"modified":"2021-05-12T23:57:09","modified_gmt":"2021-05-12T23:57:09","slug":"preguntas-frecuentes","status":"publish","type":"page","link":"https:\/\/skydivepanama.com\/?page_id=3271","title":{"rendered":"Preguntas Frecuentes"},"content":{"rendered":"<div class=\"col-md-12 column\"><br \/>\n<h3 class=\"line-header default textalignleft line-header-border\"> PREGUNTAS GENERALES <\/h3><br \/>\n<div class=\"toggle\">\n\t\t\t\t\t\t\t\t<div class=\"toggle-title\">\n\t\t\t\t\t\t\t\t\t<div class=\"toggle-title-text hover-icon\">\u00bfDeber\u00eda preocuparme el clima?\n\t\t\t\t\t\t\t\t\t<\/div>\n\t\t\t\t\t\t\t\t\t<div class=\"toggle-arrow\">\n\t\t\t\t\t\t\t\t\t\t<i class=\"icon-angle-right\"><\/i>\n\t\t\t\t\t\t\t\t\t<\/div>\n\t\t\t\t\t\t\t\t<\/div>\n\t\t\t\t\t\t\t\t<div class=\"toggle-content\"  style=\"overflow:hidden; display:none;\">\n\t\t\t\t\t\t\t\t\t El paracaidismo es un deporte sensible al clima. Solo podemos saltar si las condiciones son aceptables, es decir, despejado de nubes, sin lluvia, vientos tolerables. Tenga en cuenta que el clima puede ser diferente en su casa (o incluso a unas pocas millas de distancia), especialmente porque estamos ubicados en una isla. Llame si tiene dudas sobre el clima en la fecha de su reserva (especialmente si vive a una gran distancia). Siempre tratamos de mantenerlo informado sobre el clima y no lo haremos esperar todo el d\u00eda si el clima no es aceptable. \u00a1Recuerde, los pron\u00f3sticos del tiempo son frecuentemente incorrectos!. \n\t\t\t\t\t\t\t\t<\/div>\n\t\t\t\t\t\t\t<\/div><\/p>\n<p><div class=\"toggle\">\n\t\t\t\t\t\t\t\t<div class=\"toggle-title\">\n\t\t\t\t\t\t\t\t\t<div class=\"toggle-title-text hover-icon\">\u00bfEs costumbre dar propina al instructor?\n\t\t\t\t\t\t\t\t\t<\/div>\n\t\t\t\t\t\t\t\t\t<div class=\"toggle-arrow\">\n\t\t\t\t\t\t\t\t\t\t<i class=\"icon-angle-right\"><\/i>\n\t\t\t\t\t\t\t\t\t<\/div>\n\t\t\t\t\t\t\t\t<\/div>\n\t\t\t\t\t\t\t\t<div class=\"toggle-content\"  style=\"overflow:hidden; display:none;\">\n\t\t\t\t\t\t\t\t\t Esta es una pregunta que a menudo nos hacen los estudiantes antes y \/ o despu\u00e9s de su salto. Si bien no es necesario dar propina a su instructor, si siente que \u00e9l le brind\u00f3 una experiencia inolvidable que durar\u00e1 toda la vida y lo llevar\u00e1 de vuelta al suelo de manera segura, entonces una propina siempre es aceptada y muy apreciada.. \n\t\t\t\t\t\t\t\t<\/div>\n\t\t\t\t\t\t\t<\/div><\/p>\n<p><div class=\"toggle\">\n\t\t\t\t\t\t\t\t<div class=\"toggle-title\">\n\t\t\t\t\t\t\t\t\t<div class=\"toggle-title-text hover-icon\">\u00bfPuedo traer amigos y espectadores?\n\t\t\t\t\t\t\t\t\t<\/div>\n\t\t\t\t\t\t\t\t\t<div class=\"toggle-arrow\">\n\t\t\t\t\t\t\t\t\t\t<i class=\"icon-angle-right\"><\/i>\n\t\t\t\t\t\t\t\t\t<\/div>\n\t\t\t\t\t\t\t\t<\/div>\n\t\t\t\t\t\t\t\t<div class=\"toggle-content\"  style=\"overflow:hidden; display:none;\">\n\t\t\t\t\t\t\t\t\t \u00a1S\u00ed, por supuesto! \u00a1Te animamos a que traigas tantos amigos y familiares como quieras para ver tu salto! Tenemos un \u00e1rea de espectadores con mesas de picnic junto a nuestra \u00e1rea de aterrizaje. \u00a1Sus amigos pueden querer registrarse para un salto ese d\u00eda cuando vean la diversi\u00f3n que todos tienen con nuestro personal altamente experimentado y nuestra ubicaci\u00f3n insuperable! Tenga en cuenta que sus espectadores DEBEN presentarse con usted media hora antes de su hora de salto programada. No podemos mantener el avi\u00f3n en el suelo o retrasar su salto si no est\u00e1n aqu\u00ed cuando est\u00e9 listo para el lanzamiento. Consulte la Divulgaci\u00f3n posterior a la reserva para obtener m\u00e1s informaci\u00f3n al respecto.. \n\t\t\t\t\t\t\t\t<\/div>\n\t\t\t\t\t\t\t<\/div><\/p>\n<p><div class=\"toggle\">\n\t\t\t\t\t\t\t\t<div class=\"toggle-title\">\n\t\t\t\t\t\t\t\t\t<div class=\"toggle-title-text hover-icon\">\u00bfPodemos traer nuestra propia comida?\n\t\t\t\t\t\t\t\t\t<\/div>\n\t\t\t\t\t\t\t\t\t<div class=\"toggle-arrow\">\n\t\t\t\t\t\t\t\t\t\t<i class=\"icon-angle-right\"><\/i>\n\t\t\t\t\t\t\t\t\t<\/div>\n\t\t\t\t\t\t\t\t<\/div>\n\t\t\t\t\t\t\t\t<div class=\"toggle-content\"  style=\"overflow:hidden; display:none;\">\n\t\t\t\t\t\t\t\t\t S\u00ed,\u00a0Si traes amigos y espectadores (Tenga en cuenta que el alcohol no est\u00e1 permitido en la propiedad del aeropuerto en ning\u00fan momento). Si lo vemos, le pediremos que elimine el alcohol de la propiedad del aeropuerto. \n\t\t\t\t\t\t\t\t<\/div>\n\t\t\t\t\t\t\t<\/div><\/p>\n<p><div class=\"toggle\">\n\t\t\t\t\t\t\t\t<div class=\"toggle-title\">\n\t\t\t\t\t\t\t\t\t<div class=\"toggle-title-text hover-icon\">\u00bfSe permiten ni\u00f1os en Skydive Panam\u00e1?\n\t\t\t\t\t\t\t\t\t<\/div>\n\t\t\t\t\t\t\t\t\t<div class=\"toggle-arrow\">\n\t\t\t\t\t\t\t\t\t\t<i class=\"icon-angle-right\"><\/i>\n\t\t\t\t\t\t\t\t\t<\/div>\n\t\t\t\t\t\t\t\t<\/div>\n\t\t\t\t\t\t\t\t<div class=\"toggle-content\"  style=\"overflow:hidden; display:none;\">\n\t\t\t\t\t\t\t\t\tNo hace falta decir que un aeropuerto puede ser un entorno extremadamente peligroso para ni\u00f1os desatendidos. Hay calles de rodaje activas con aeronaves en movimiento, h\u00e9lices giratorias mortales, contenedores abiertos de productos qu\u00edmicos y combustibles vol\u00e1tiles, equipos sensibles para salvar vidas y paraca\u00eddas que aterrizan a una velocidad formidable. Adem\u00e1s, hay muchas otras actividades aeron\u00e1uticas que se llevan a cabo dentro y fuera del campo (incluidos los frecuentes ejercicios de entrenamiento militar) que pueden verse afectadas por un ni\u00f1o desatendido que corre en la calle de rodaje o en el campo. Este es un entorno para adultos, pero tambi\u00e9n entendemos lo importante que es para muchos compartir experiencias como esta con sus hijos o con sus familiares.<\/p>\n<p>Para mantenerlos seguros y permitir que todas las actividades en el aeropuerto contin\u00faen de manera segura, todos los ni\u00f1os menores de 8 a\u00f1os deben estar bajo la supervisi\u00f3n directa de un adulto en todo momento. Definimos la supervisi\u00f3n directa al tomar su mano el 100% del tiempo mientras est\u00e1n en la propiedad del aeropuerto. Esto puede ser un inconveniente, pero la seguridad es la prioridad n\u00famero uno para todos en nuestras instalaciones. Si no se sigue esta pol\u00edtica, se le pedir\u00e1 que abandone la propiedad (y todos los dep\u00f3sitos se perder\u00e1n).\n\t\t\t\t\t\t\t\t<\/div>\n\t\t\t\t\t\t\t<\/div><\/p>\n<p>&nbsp;<\/p>\n<p><h3 class=\"line-header default textalignleft line-header-border\"> RESTRICCIONES <\/h3><\/p>\n<p><div class=\"toggle\">\n\t\t\t\t\t\t\t\t<div class=\"toggle-title\">\n\t\t\t\t\t\t\t\t\t<div class=\"toggle-title-text hover-icon\">\u00bfHay un l\u00edmite de peso para saltar?\n\t\t\t\t\t\t\t\t\t<\/div>\n\t\t\t\t\t\t\t\t\t<div class=\"toggle-arrow\">\n\t\t\t\t\t\t\t\t\t\t<i class=\"icon-angle-right\"><\/i>\n\t\t\t\t\t\t\t\t\t<\/div>\n\t\t\t\t\t\t\t\t<\/div>\n\t\t\t\t\t\t\t\t<div class=\"toggle-content\"  style=\"overflow:hidden; display:none;\">\n\t\t\t\t\t\t\t\t\t Nuestro l\u00edmite de peso es de 200 libras, que es el m\u00e1ximo. Cualquiera que supere ese l\u00edmite shay cargos extras. Tambi\u00e9n nos reservamos el derecho de rechazar a las personas que tienen una relaci\u00f3n peso \/ altura muy alta. Hay m\u00e1s informaci\u00f3n disponible en nuestra p\u00e1gina de Divulgaci\u00f3n posterior a la reserva. \n\t\t\t\t\t\t\t\t<\/div>\n\t\t\t\t\t\t\t<\/div><\/p>\n<p><div class=\"toggle\">\n\t\t\t\t\t\t\t\t<div class=\"toggle-title\">\n\t\t\t\t\t\t\t\t\t<div class=\"toggle-title-text hover-icon\">\u00bfCu\u00e1l es la pol\u00edtica sobre alcohol y \/ o drogas?\n\t\t\t\t\t\t\t\t\t<\/div>\n\t\t\t\t\t\t\t\t\t<div class=\"toggle-arrow\">\n\t\t\t\t\t\t\t\t\t\t<i class=\"icon-angle-right\"><\/i>\n\t\t\t\t\t\t\t\t\t<\/div>\n\t\t\t\t\t\t\t\t<\/div>\n\t\t\t\t\t\t\t\t<div class=\"toggle-content\"  style=\"overflow:hidden; display:none;\">\n\t\t\t\t\t\t\t\t\t El alcohol no est\u00e1 permitido en ninguna parte de la propiedad del aeropuerto. Todos nuestros instructores est\u00e1n libres de drogas y alcohol. Adem\u00e1s, dado que debe participar hasta cierto punto en el salto (as\u00ed como seguir las instrucciones de su instructor), no debe estar bajo la influencia del alcohol o las drogas cuando llegue. Este es un problema de seguridad, y nos reservamos el derecho de rechazar el servicio si creemos que usted est\u00e1 impedido. Adem\u00e1s, le aconsejamos que no beba mucho la noche anterior a su salto. Tener resaca arruinar\u00e1 tu experiencia e incluso podr\u00eda enfermarte. \n\t\t\t\t\t\t\t\t<\/div>\n\t\t\t\t\t\t\t<\/div><\/p>\n<p>&nbsp;<\/p>\n<p><h3 class=\"line-header default textalignleft line-header-border\"> PREGUNTAS DE RESERVA <\/h3><\/p>\n<p><div class=\"toggle\">\n\t\t\t\t\t\t\t\t<div class=\"toggle-title\">\n\t\t\t\t\t\t\t\t\t<div class=\"toggle-title-text hover-icon\">\u00bfCon cu\u00e1nta anticipaci\u00f3n debo programar mi salto?\n\t\t\t\t\t\t\t\t\t<\/div>\n\t\t\t\t\t\t\t\t\t<div class=\"toggle-arrow\">\n\t\t\t\t\t\t\t\t\t\t<i class=\"icon-angle-right\"><\/i>\n\t\t\t\t\t\t\t\t\t<\/div>\n\t\t\t\t\t\t\t\t<\/div>\n\t\t\t\t\t\t\t\t<div class=\"toggle-content\"  style=\"overflow:hidden; display:none;\">\n\t\t\t\t\t\t\t\t\t Recomendamos programar el salto t\u00e1ndem con una semana de anticipaci\u00f3n.\n\t\t\t\t\t\t\t\t<\/div>\n\t\t\t\t\t\t\t<\/div><\/p>\n<p><div class=\"toggle\">\n\t\t\t\t\t\t\t\t<div class=\"toggle-title\">\n\t\t\t\t\t\t\t\t\t<div class=\"toggle-title-text hover-icon\">\u00bfA qu\u00e9 hora debo llegar para mi salto?\n\t\t\t\t\t\t\t\t\t<\/div>\n\t\t\t\t\t\t\t\t\t<div class=\"toggle-arrow\">\n\t\t\t\t\t\t\t\t\t\t<i class=\"icon-angle-right\"><\/i>\n\t\t\t\t\t\t\t\t\t<\/div>\n\t\t\t\t\t\t\t\t<\/div>\n\t\t\t\t\t\t\t\t<div class=\"toggle-content\"  style=\"overflow:hidden; display:none;\">\n\t\t\t\t\t\t\t\t\t<\/p>\n<p>La puntualidad es importante.<\/p>\n<p>Skydive Panam\u00e1 requiere que usted y todos los miembros de su grupo se presenten al menos 45 minutos antes de la hora programada para el procesamiento (es decir, la reservaci\u00f3n de las 12:00 p.m. para presentarse a m\u00e1s tardar a las 11:15 a.m.). Su hora de reserva es la hora en que su grupo debe comenzar a saltar. Hay entrenamiento que necesita antes de su salto. Adem\u00e1s, cuanto m\u00e1s grande sea su grupo, m\u00e1s tiempo llevar\u00e1 generalmente el procesamiento. Le invitamos a que se presente un poco antes si lo desea. Puede darle la oportunidad de establecerse antes de su salto y ver la operaci\u00f3n en acci\u00f3n.\n\t\t\t\t\t\t\t\t<\/div>\n\t\t\t\t\t\t\t<\/div><\/p>\n<p>&nbsp;<\/p>\n<p><div class=\"toggle\">\n\t\t\t\t\t\t\t\t<div class=\"toggle-title\">\n\t\t\t\t\t\t\t\t\t<div class=\"toggle-title-text hover-icon\">\u00bfCu\u00e1l es su pol\u00edtica clim\u00e1tica?\n\t\t\t\t\t\t\t\t\t<\/div>\n\t\t\t\t\t\t\t\t\t<div class=\"toggle-arrow\">\n\t\t\t\t\t\t\t\t\t\t<i class=\"icon-angle-right\"><\/i>\n\t\t\t\t\t\t\t\t\t<\/div>\n\t\t\t\t\t\t\t\t<\/div>\n\t\t\t\t\t\t\t\t<div class=\"toggle-content\"  style=\"overflow:hidden; display:none;\">\n\t\t\t\t\t\t\t\t\tAqu\u00ed en Skydive Panam\u00e1 somos las \u00fanicas personas calificadas para determinar si no puede saltar debido al mal tiempo (viento, lluvia, etc.). Si no est\u00e1 seguro del clima en la fecha de su reserva, debe llamar y lo mantendremos en tanto. Si el clima no es variable durante el tiempo programado, se le pedir\u00e1 que reprograme (en lugar de esperar todo el d\u00eda).\n\t\t\t\t\t\t\t\t<\/div>\n\t\t\t\t\t\t\t<\/div><\/p>\n<p>&nbsp;<\/p>\n<p><h3 class=\"line-header default textalignleft line-header-border\"> PREGUNTAS DEL SALTO TANDEM<\/h3><\/p>\n<p><div class=\"toggle\">\n\t\t\t\t\t\t\t\t<div class=\"toggle-title\">\n\t\t\t\t\t\t\t\t\t<div class=\"toggle-title-text hover-icon\">\u00bfCu\u00e1nto dura el entrenamiento?\n\t\t\t\t\t\t\t\t\t<\/div>\n\t\t\t\t\t\t\t\t\t<div class=\"toggle-arrow\">\n\t\t\t\t\t\t\t\t\t\t<i class=\"icon-angle-right\"><\/i>\n\t\t\t\t\t\t\t\t\t<\/div>\n\t\t\t\t\t\t\t\t<\/div>\n\t\t\t\t\t\t\t\t<div class=\"toggle-content\"  style=\"overflow:hidden; display:none;\">\n\t\t\t\t\t\t\t\t\tEl entrenamiento generalmente solo dura unos 5 minutos m\u00e1s o menos. La belleza del sistema en t\u00e1ndem es que su instructor maneja todas las partes dif\u00edciles del salto.\n\t\t\t\t\t\t\t\t<\/div>\n\t\t\t\t\t\t\t<\/div><\/p>\n<p><div class=\"toggle\">\n\t\t\t\t\t\t\t\t<div class=\"toggle-title\">\n\t\t\t\t\t\t\t\t\t<div class=\"toggle-title-text hover-icon\">\u00bfC\u00f3mo se siente la ca\u00edda libre?\n\t\t\t\t\t\t\t\t\t<\/div>\n\t\t\t\t\t\t\t\t\t<div class=\"toggle-arrow\">\n\t\t\t\t\t\t\t\t\t\t<i class=\"icon-angle-right\"><\/i>\n\t\t\t\t\t\t\t\t\t<\/div>\n\t\t\t\t\t\t\t\t<\/div>\n\t\t\t\t\t\t\t\t<div class=\"toggle-content\"  style=\"overflow:hidden; display:none;\">\n\t\t\t\t\t\t\t\t\tLa ca\u00edda libre no es el sentimiento de \u00abca\u00edda de la monta\u00f1a rusa\u00bb que la mayor\u00eda de la gente espera que sea. Es una sensaci\u00f3n c\u00f3moda de flotaci\u00f3n y apoyo, con una ligera presi\u00f3n de aire contra su cuerpo. \u00a1Tambi\u00e9n hay una descarga de adrenalina abrumadoramente euf\u00f3rica que no se puede describir de otra manera que no sea incre\u00edble!\n\t\t\t\t\t\t\t\t<\/div>\n\t\t\t\t\t\t\t<\/div><\/p>\n<p><\/div>\n","protected":false},"excerpt":{"rendered":"","protected":false},"author":1,"featured_media":0,"parent":0,"menu_order":0,"comment_status":"closed","ping_status":"closed","template":"","meta":{"footnotes":""},"class_list":["post-3271","page","type-page","status-publish","hentry"],"_links":{"self":[{"href":"https:\/\/skydivepanama.com\/index.php?rest_route=\/wp\/v2\/pages\/3271","targetHints":{"allow":["GET"]}}],"collection":[{"href":"https:\/\/skydivepanama.com\/index.php?rest_route=\/wp\/v2\/pages"}],"about":[{"href":"https:\/\/skydivepanama.com\/index.php?rest_route=\/wp\/v2\/types\/page"}],"author":[{"embeddable":true,"href":"https:\/\/skydivepanama.com\/index.php?rest_route=\/wp\/v2\/users\/1"}],"replies":[{"embeddable":true,"href":"https:\/\/skydivepanama.com\/index.php?rest_route=%2Fwp%2Fv2%2Fcomments&post=3271"}],"version-history":[{"count":15,"href":"https:\/\/skydivepanama.com\/index.php?rest_route=\/wp\/v2\/pages\/3271\/revisions"}],"predecessor-version":[{"id":3690,"href":"https:\/\/skydivepanama.com\/index.php?rest_route=\/wp\/v2\/pages\/3271\/revisions\/3690"}],"wp:attachment":[{"href":"https:\/\/skydivepanama.com\/index.php?rest_route=%2Fwp%2Fv2%2Fmedia&parent=3271"}],"curies":[{"name":"wp","href":"https:\/\/api.w.org\/{rel}","templated":true}]}}